{"id":62,"date":"2025-06-24T20:17:13","date_gmt":"2025-06-24T18:17:13","guid":{"rendered":"http:\/\/melatonasana.pl\/?page_id=62"},"modified":"2025-07-08T21:55:47","modified_gmt":"2025-07-08T19:55:47","slug":"kontakt","status":"publish","type":"page","link":"http:\/\/melatonasana.pl\/?page_id=62","title":{"rendered":"KALENDARZ"},"content":{"rendered":"\n<div class=\"wp-block-group alignfull has-accent-4-background-color has-background is-vertical is-content-justification-center is-nowrap is-layout-flex wp-container-core-group-is-layout-54aea5ab wp-block-group-is-layout-flex\" style=\"min-height:100vh;margin-top:0;margin-bottom:0;padding-top:var(--wp--preset--spacing--50);padding-right:var(--wp--preset--spacing--50);padding-bottom:var(--wp--preset--spacing--50);padding-left:var(--wp--preset--spacing--50)\">\n<div class=\"wp-block-columns alignwide are-vertically-aligned-top is-layout-flex wp-container-core-columns-is-layout-47c06fe3 wp-block-columns-is-layout-flex\">\n<div class=\"wp-block-column is-vertically-aligned-top is-layout-flow wp-block-column-is-layout-flow\" style=\"flex-basis:40%\">\n<div class=\"wp-block-group is-layout-flow wp-container-core-group-is-layout-8f7ed23f wp-block-group-is-layout-flow\" style=\"min-height:100%;margin-top:0;margin-bottom:0;padding-right:0;padding-left:0\">\n<div class=\"wp-block-group has-global-padding is-layout-constrained wp-block-group-is-layout-constrained\">\n<p>2\/05\/2025<br><strong>JELENIA G\u00d3RA<\/strong><br>Pestka Festival 2025<br>Jeleniog\u00f3rskie Centrum Kultury JCK<\/p>\n\n\n\n<div class=\"wp-block-buttons is-content-justification-center is-layout-flex wp-container-core-buttons-is-layout-a89b3969 wp-block-buttons-is-layout-flex\">\n<div class=\"wp-block-button\"><a class=\"wp-block-button__link wp-element-button\" href=\"https:\/\/www.festivalpestka.pl\/szczegoly2025\">PESTKA 2025<\/a><\/div>\n<\/div>\n<\/div>\n\n\n\n<div class=\"wp-block-group has-global-padding is-layout-constrained wp-block-group-is-layout-constrained\">\n<p>5\/07\/2025<br><strong>KRAK\u00d3W <\/strong><br>Scena Supernova<br>ul. Zyblikiewicz 12\/4<\/p>\n\n\n\n<div class=\"wp-block-buttons is-content-justification-center is-layout-flex wp-container-core-buttons-is-layout-b5994976 wp-block-buttons-is-layout-flex\">\n<div class=\"wp-block-button\"><a class=\"wp-block-button__link wp-element-button\" href=\"https:\/\/scenasupernova.pl\/harmonogram-lotow-repertuar-sceny-supernova\/\">SUPERNOVA &#8211; bilety<\/a><\/div>\n<\/div>\n<\/div>\n<\/div>\n\n\n\n<div class=\"wp-block-group has-global-padding is-layout-constrained wp-block-group-is-layout-constrained\">\n<div class=\"wp-block-group has-global-padding is-content-justification-left is-layout-constrained wp-container-core-group-is-layout-0207514c wp-block-group-is-layout-constrained\" style=\"padding-right:0;padding-left:0\">\n<div class=\"wp-block-group is-nowrap is-layout-flex wp-container-core-group-is-layout-6c531013 wp-block-group-is-layout-flex\">\n<p>27\/09\/2025 <br><strong>RZESZ\u00d3W <\/strong><br>15. Festiwal Teatr\u00f3w O\u017cywionej Materii MASKARADA 2025<br>Teatr MASKA w Rzeszowie<\/p>\n<\/div>\n<\/div>\n\n\n\n<div class=\"wp-block-buttons is-content-justification-center is-layout-flex wp-container-core-buttons-is-layout-a89b3969 wp-block-buttons-is-layout-flex\">\n<div class=\"wp-block-button\"><a class=\"wp-block-button__link wp-element-button\" href=\"https:\/\/www.teatrmaska.pl\/\">MASKARADA &#8211; bilety<\/a><\/div>\n<\/div>\n<\/div>\n<\/div>\n\n\n\n<div class=\"wp-block-column is-vertically-aligned-top is-layout-flow wp-block-column-is-layout-flow\" style=\"flex-basis:60%\">\n<div class=\"wp-block-columns is-layout-flex wp-container-core-columns-is-layout-28f84493 wp-block-columns-is-layout-flex\">\n<div class=\"wp-block-column is-layout-flow wp-block-column-is-layout-flow\" style=\"flex-basis:100%\">\n<figure class=\"wp-block-image alignright size-large is-style-rounded is-style-rounded--1\" style=\"margin-right:0;margin-left:0\"><img loading=\"lazy\" decoding=\"async\" width=\"688\" height=\"1024\" src=\"http:\/\/melatonasana.pl\/wp-content\/uploads\/2025\/06\/IMG_20250428_141807-688x1024.jpg\" alt=\"\" class=\"wp-image-65\" style=\"aspect-ratio:3\/4;object-fit:cover\" srcset=\"http:\/\/melatonasana.pl\/wp-content\/uploads\/2025\/06\/IMG_20250428_141807-688x1024.jpg 688w, http:\/\/melatonasana.pl\/wp-content\/uploads\/2025\/06\/IMG_20250428_141807-201x300.jpg 201w, http:\/\/melatonasana.pl\/wp-content\/uploads\/2025\/06\/IMG_20250428_141807-768x1144.jpg 768w, http:\/\/melatonasana.pl\/wp-content\/uploads\/2025\/06\/IMG_20250428_141807-1031x1536.jpg 1031w, http:\/\/melatonasana.pl\/wp-content\/uploads\/2025\/06\/IMG_20250428_141807-1375x2048.jpg 1375w, http:\/\/melatonasana.pl\/wp-content\/uploads\/2025\/06\/IMG_20250428_141807-scaled.jpg 1719w\" sizes=\"auto, (max-width: 688px) 100vw, 688px\" \/><\/figure>\n<\/div>\n<\/div>\n<\/div>\n<\/div>\n<\/div>\n\n\n\n<div class=\"wp-block-buttons is-content-justification-center is-layout-flex wp-container-core-buttons-is-layout-a89b3969 wp-block-buttons-is-layout-flex\">\n<div class=\"wp-block-button\"><a class=\"wp-block-button__link has-contrast-2-background-color has-background wp-element-button\" href=\"http:\/\/melatonasana.pl\">Powr\u00f3t do strony g\u0142\u00f3wnej<\/a><\/div>\n<\/div>\n","protected":false},"excerpt":{"rendered":"<p>2\/05\/2025JELENIA G\u00d3RAPestka Festival 2025Jeleniog\u00f3rskie Centrum Kultury JCK 5\/07\/2025KRAK\u00d3W Scena Supernovaul. Zyblikiewicz 12\/4 27\/09\/2025 RZESZ\u00d3W 15. Festiwal Teatr\u00f3w O\u017cywionej Materii MASKARADA 2025Teatr MASKA w Rzeszowie<\/p>\n","protected":false},"author":1,"featured_media":0,"parent":0,"menu_order":0,"comment_status":"closed","ping_status":"closed","template":"","meta":{"footnotes":""},"class_list":["post-62","page","type-page","status-publish","hentry"],"_links":{"self":[{"href":"http:\/\/melatonasana.pl\/index.php?rest_route=\/wp\/v2\/pages\/62","targetHints":{"allow":["GET"]}}],"collection":[{"href":"http:\/\/melatonasana.pl\/index.php?rest_route=\/wp\/v2\/pages"}],"about":[{"href":"http:\/\/melatonasana.pl\/index.php?rest_route=\/wp\/v2\/types\/page"}],"author":[{"embeddable":true,"href":"http:\/\/melatonasana.pl\/index.php?rest_route=\/wp\/v2\/users\/1"}],"replies":[{"embeddable":true,"href":"http:\/\/melatonasana.pl\/index.php?rest_route=%2Fwp%2Fv2%2Fcomments&post=62"}],"version-history":[{"count":6,"href":"http:\/\/melatonasana.pl\/index.php?rest_route=\/wp\/v2\/pages\/62\/revisions"}],"predecessor-version":[{"id":130,"href":"http:\/\/melatonasana.pl\/index.php?rest_route=\/wp\/v2\/pages\/62\/revisions\/130"}],"wp:attachment":[{"href":"http:\/\/melatonasana.pl\/index.php?rest_route=%2Fwp%2Fv2%2Fmedia&parent=62"}],"curies":[{"name":"wp","href":"https:\/\/api.w.org\/{rel}","templated":true}]}}